{"id":758,"date":"2020-07-17T13:42:36","date_gmt":"2020-07-17T18:42:36","guid":{"rendered":"https:\/\/www.grupobits.co\/blog\/?page_id=758"},"modified":"2020-07-17T16:11:52","modified_gmt":"2020-07-17T21:11:52","slug":"aviso-legal","status":"publish","type":"page","link":"https:\/\/grupobits.co\/blog\/aviso-legal\/","title":{"rendered":"Aviso Legal"},"content":{"rendered":"\n<h3>Identificaci\u00f3n y Titularidad<\/h3>\n\n\n\n<p>A continuaci\u00f3n, se exponen los datos identificativos del titular.<\/p>\n\n\n\n<ul><li><strong>Titular:<\/strong>&nbsp;Diego Herrera.<\/li><li><strong>NIF:<\/strong>&nbsp;900.373.664-5<\/li><li>Bits \u2013 Soluciones Integrales en Tecnolog\u00eda e Informaci\u00f3n SAS<\/li><li><strong>Domicilio:<\/strong>&nbsp;Carrera 27 #37-33 Of 720. Centro Empresarial Green Gold. Bucaramanga \u2013 Colombia, Santander &#8211; Colombia.<\/li><li><strong>Correo electr\u00f3nico:<\/strong>&nbsp;asistencia@grupobits.co<\/li><li><strong>Sitio Web:<\/strong>&nbsp;<a href=\"https:\/\/www.grupobits.co\/guias\">https:\/\/www.grupobits.co\/guias<\/a><\/li><\/ul>\n\n\n\n<h3>Condiciones de Uso<\/h3>\n\n\n\n<p class=\"has-text-align-justify\">La utilizaci\u00f3n del sitio Web te otorga la condici\u00f3n de Usuario, e implica la aceptaci\u00f3n completa de todas las cl\u00e1usulas y condiciones de uso incluidas en las p\u00e1ginas:<\/p>\n\n\n\n<ul><li><a href=\"https:\/\/www.grupobits.co\/guias\/aviso-legal\/\">Aviso Legal<\/a><\/li><li><a href=\"https:\/\/www.grupobits.co\/guias\/politica-de-privacidad\/\">Pol\u00edtica de Privacidad<\/a><\/li><li><a href=\"https:\/\/www.grupobits.co\/guias\/politica-de-cookies\/\">Pol\u00edtica de Cookies<\/a><\/li><\/ul>\n\n\n\n<p class=\"has-text-align-justify\">Si no est\u00e1s conforme con todas y cada una de estas cl\u00e1usulas y condiciones te abstendr\u00e1s de utilizar este sitio Web.<\/p>\n\n\n\n<p class=\"has-text-align-justify\">El acceso a este sitio Web no supone, en modo alguno, el inicio de una relaci\u00f3n comercial con Diego Herrera.<\/p>\n\n\n\n<p class=\"has-text-align-justify\">A trav\u00e9s de este sitio Web, el Titular te facilita el acceso y la utilizaci\u00f3n de diversos contenidos que el Titular o sus colaboradores han publicado por medio de Internet.<\/p>\n\n\n\n<p class=\"has-text-align-justify\">A tal efecto, te obligas y comprometes a NO utilizar cualquiera de los contenidos del sitio Web con fines o efectos il\u00edcitos, prohibidos en este Aviso Legal o por la legislaci\u00f3n vigente, lesivos de los derechos e intereses de terceros, o que de cualquier forma puedan da\u00f1ar, inutilizar, sobrecargar, deteriorar o impedir la normal utilizaci\u00f3n de los contenidos, los equipos inform\u00e1ticos o los documentos, archivos y toda clase de contenidos almacenados en cualquier equipo inform\u00e1tico propios o contratados por Diego Herrera, de otros usuarios o de cualquier usuario de Internet.<\/p>\n\n\n\n<p class=\"has-text-align-justify\">El Titular se reserva el derecho de retirar todos aquellos comentarios que vulneren la legislaci\u00f3n vigente, lesivos de los derechos o intereses de terceros, o que, a su juicio, no resulten adecuados para su publicaci\u00f3n.<\/p>\n\n\n\n<p class=\"has-text-align-justify\">Diego Herrera no ser\u00e1 responsable de las opiniones vertidas por los usuarios a trav\u00e9s del sistema de comentarios, u otras herramientas de participaci\u00f3n, conforme a lo previsto en la normativa de aplicaci\u00f3n.<\/p>\n\n\n\n<h3>Medidas de seguridad<\/h3>\n\n\n\n<p class=\"has-text-align-justify\">Los datos personales que facilites al Titular pueden ser almacenados en bases de datos automatizadas o no, cuya titularidad corresponde en exclusiva a Diego Herrera, que asume todas las medidas de \u00edndole t\u00e9cnica, organizativa y de seguridad que garantizan la confidencialidad, integridad y calidad de la informaci\u00f3n contenida en las mismas de acuerdo con lo establecido en la normativa vigente en protecci\u00f3n de datos.<\/p>\n\n\n\n<p class=\"has-text-align-justify\">No obstante, debes ser consciente de que las medidas de seguridad de los sistemas inform\u00e1ticos en Internet no son enteramente fiables y que, por tanto el Titular no puede garantizar la inexistencia de virus u otros elementos que puedan producir alteraciones en los sistemas inform\u00e1ticos (software y hardware) del Usuario o en sus documentos electr\u00f3nicos y ficheros contenidos en los mismos aunque el Titular pone todos los medios necesarios y toma las medidas de seguridad oportunas para evitar la presencia de estos elementos da\u00f1inos.<\/p>\n\n\n\n<h3>Datos personales<\/h3>\n\n\n\n<p class=\"has-text-align-justify\">Puedes consultar toda la informaci\u00f3n relativa al tratamiento de datos personales que recoge el Titular en la p\u00e1gina de&nbsp;<a href=\"https:\/\/www.grupobits.co\/guias\/politica-de-privacidad\/\">Pol\u00edtica de Privacidad<\/a>.<\/p>\n\n\n\n<h3>Contenidos<\/h3>\n\n\n\n<p class=\"has-text-align-justify\">El Titular ha obtenido la informaci\u00f3n, el contenido multimedia y los materiales incluidos en el sitio Web de fuentes que considera fiables, pero, si bien ha tomado todas las medidas razonables para asegurar que la informaci\u00f3n contenida es correcta, el Titular no garantiza que sea exacta, completa o actualizada. Diego Herrera declina expresamente cualquier responsabilidad por error u omisi\u00f3n en la informaci\u00f3n contenida en las p\u00e1ginas de este sitio Web.<\/p>\n\n\n\n<p class=\"has-text-align-justify\">Queda prohibido transmitir o enviar a trav\u00e9s del sitio Web cualquier contenido ilegal o il\u00edcito, virus inform\u00e1ticos, o mensajes que, en general, afecten o violen derechos de&nbsp;el Titular o de terceros.<\/p>\n\n\n\n<p class=\"has-text-align-justify\">Los contenidos de&nbsp;<a href=\"https:\/\/www.grupobits.co\/guias\">https:\/\/www.grupobits.co\/guias<\/a>&nbsp;tienen \u00fanicamente una finalidad informativa y bajo ninguna circunstancia deben usarse ni considerarse como oferta de venta, solicitud de una oferta de compra ni recomendaci\u00f3n para realizar cualquier otra operaci\u00f3n, salvo que as\u00ed se indique expresamente.<\/p>\n\n\n\n<p class=\"has-text-align-justify\">Diego Herrera se reserva el derecho a modificar, suspender, cancelar o restringir el contenido de&nbsp;<a href=\"https:\/\/www.grupobits.co\/guias\">https:\/\/www.grupobits.co\/guias<\/a>, los v\u00ednculos o la informaci\u00f3n obtenida a trav\u00e9s del sitio Web, sin necesidad de previo aviso.<\/p>\n\n\n\n<p class=\"has-text-align-justify\">Diego Herrera&nbsp;no es responsable de los da\u00f1os y perjuicios que pudieran derivarse de la utilizaci\u00f3n de la informaci\u00f3n del sitio Web.<\/p>\n\n\n\n<h3>Pol\u00edtica de cookies<\/h3>\n\n\n\n<p class=\"has-text-align-justify\">En la p\u00e1gina&nbsp;<a href=\"https:\/\/www.grupobits.co\/guias\/politica-de-cookies\/\">Pol\u00edtica de Cookies<\/a>&nbsp;puedes consultar toda la informaci\u00f3n relativa a la pol\u00edtica de recogida y tratamiento de las cookies.<\/p>\n\n\n\n<h3>Enlaces a otros sitios Web<\/h3>\n\n\n\n<p class=\"has-text-align-justify\">El Titular puede proporcionarte acceso a sitios Web de terceros mediante enlaces con la finalidad exclusiva de informarte sobre la existencia de otras fuentes de informaci\u00f3n en Internet en las que podr\u00e1s ampliar los datos ofrecidos en el sitio Web.<\/p>\n\n\n\n<p class=\"has-text-align-justify\">Estos enlaces a otros sitios Web no suponen en ning\u00fan caso una sugerencia o recomendaci\u00f3n para que visites las p\u00e1ginas web de destino, que est\u00e1n fuera del control del Titular, por lo que Diego Herrera no es responsable del contenido de los sitios web vinculados ni del resultado que obtengas al seguir los enlaces.<\/p>\n\n\n\n<p class=\"has-text-align-justify\">Asimismo, Diego Herrera no responde de los links o enlaces ubicados en los sitios web vinculados a los que te proporciona acceso.<\/p>\n\n\n\n<p class=\"has-text-align-justify\">El establecimiento del enlace no implica en ning\u00fan caso la existencia de relaciones entre Diego Herrera y el propietario del sitio en el que se establezca el enlace, ni la aceptaci\u00f3n o aprobaci\u00f3n por parte del Titular de sus contenidos o servicios.<\/p>\n\n\n\n<p class=\"has-text-align-justify\">Si accedes a un sitio Web externo desde un enlace que encuentres en\u00a0<a href=\"https:\/\/www.grupobits.co\/guias\" class=\"ek-link\">https:\/\/grupobits.bits.com.co\/blog<\/a><a href=\"https:\/\/grupobits.bits.com.co\/blog\/\" class=\"ek-link\">\/ <\/a>deber\u00e1s leer la propia pol\u00edtica de privacidad del otro sitio web que puede ser diferente de la de este sitio Web.<\/p>\n\n\n\n<h3>Propiedad intelectual e industrial<\/h3>\n\n\n\n<p>Todos los derechos est\u00e1n reservados.<\/p>\n\n\n\n<p class=\"has-text-align-justify\">Todo acceso a este sitio Web est\u00e1 sujeto a las siguientes condiciones: la reproducci\u00f3n, almacenaje permanente y la difusi\u00f3n de los contenidos o cualquier otro uso que tenga finalidad p\u00fablica o comercial queda expresamente prohibida sin el consentimiento previo expreso y por escrito de Diego Herrera.<\/p>\n\n\n\n<h3>Limitaci\u00f3n de responsabilidad<\/h3>\n\n\n\n<p class=\"has-text-align-justify\">Diego Herrera declina cualquier responsabilidad en caso de que existan interrupciones o un mal funcionamiento de los Servicios o contenidos ofrecidos en Internet, cualquiera que sea su causa. Asimismo, el Titular no se hace responsable por ca\u00eddas de la red, p\u00e9rdidas de negocio a consecuencia de dichas ca\u00eddas, suspensiones temporales de fluido el\u00e9ctrico o cualquier otro tipo de da\u00f1o indirecto que te pueda ser causado por causas ajenas a el Titular.<\/p>\n\n\n\n<p class=\"has-text-align-justify\">Antes de tomar decisiones y\/o acciones con base a la informaci\u00f3n incluida en el sitio Web, el Titular te recomienda comprobar y contrastar la informaci\u00f3n recibida con otras fuentes.<\/p>\n\n\n\n<h3>Contacto<\/h3>\n\n\n\n<p class=\"has-text-align-justify\">En caso de que tengas cualquier duda acerca de estas Condiciones legales o quieras realizar cualquier comentario sobre este sitio Web, puedes enviar un mensaje de correo electr\u00f3nico a la direcci\u00f3n asistencia@grupobits.co.<\/p>\n","protected":false},"excerpt":{"rendered":"<p>Identificaci\u00f3n y Titularidad A continuaci\u00f3n, se exponen los datos identificativos del titular. Titular:&nbsp;Diego Herrera. NIF:&nbsp;900.373.664-5 Bits \u2013 Soluciones Integrales en Tecnolog\u00eda e Informaci\u00f3n SAS Domicilio:&nbsp;Carrera 27 #37-33 Of 720. Centro Empresarial Green Gold. Bucaramanga \u2013 Colombia, Santander &#8211; Colombia. Correo electr\u00f3nico:&nbsp;asistencia@grupobits.co Sitio Web:&nbsp;https:\/\/www.grupobits.co\/guias Condiciones de Uso La utilizaci\u00f3n del sitio Web te otorga la condici\u00f3n [&hellip;]<\/p>\n","protected":false},"author":1,"featured_media":0,"parent":0,"menu_order":0,"comment_status":"closed","ping_status":"closed","template":"","meta":{"_editorskit_title_hidden":false,"_editorskit_reading_time":4},"yoast_head":"<!-- This site is optimized with the Yoast SEO plugin v16.1.1 - https:\/\/yoast.com\/wordpress\/plugins\/seo\/ -->\n<title>Aviso Legal | Blog - Bits<\/title>\n<meta name=\"description\" content=\"Identificaci\u00f3n y Titularidad A continuaci\u00f3n, se exponen los datos identificativos del titular. Titular:&nbsp;Diego Herrera.NIF:&nbsp;900.373.664-5Bits \u2013\" \/>\n<link rel=\"canonical\" href=\"https:\/\/grupobits.co\/blog\/aviso-legal\/\" \/>\n<meta property=\"og:locale\" content=\"es_ES\" \/>\n<meta property=\"og:type\" content=\"article\" \/>\n<meta property=\"og:title\" content=\"Aviso Legal | Blog - Bits\" \/>\n<meta property=\"og:description\" content=\"Identificaci\u00f3n y Titularidad A continuaci\u00f3n, se exponen los datos identificativos del titular. Titular:&nbsp;Diego Herrera.NIF:&nbsp;900.373.664-5Bits \u2013\" \/>\n<meta property=\"og:url\" content=\"https:\/\/grupobits.co\/blog\/aviso-legal\/\" \/>\n<meta property=\"og:site_name\" content=\"Blog - Bits\" \/>\n<meta property=\"article:publisher\" content=\"https:\/\/www.facebook.com\/BitsSolucionTI\" \/>\n<meta property=\"article:modified_time\" content=\"2020-07-17T21:11:52+00:00\" \/>\n<meta property=\"og:image\" content=\"https:\/\/grupobits.co\/blog\/wp-content\/uploads\/2020\/07\/blog_bits_facebook.jpg\" \/>\n\t<meta property=\"og:image:width\" content=\"1200\" \/>\n\t<meta property=\"og:image:height\" content=\"628\" \/>\n<meta name=\"twitter:card\" content=\"summary_large_image\" \/>\n<meta name=\"twitter:site\" content=\"@bitssolucionti\" \/>\n<meta name=\"twitter:label1\" content=\"Tiempo de lectura\">\n\t<meta name=\"twitter:data1\" content=\"6 minutos\">\n<script type=\"application\/ld+json\" class=\"yoast-schema-graph\">{\"@context\":\"https:\/\/schema.org\",\"@graph\":[{\"@type\":\"Organization\",\"@id\":\"https:\/\/grupobits.co\/blog\/#organization\",\"name\":\"Bits\",\"url\":\"https:\/\/grupobits.co\/blog\/\",\"sameAs\":[\"https:\/\/www.facebook.com\/BitsSolucionTI\",\"https:\/\/www.linkedin.com\/company\/grupobits\",\"https:\/\/www.youtube.com\/channel\/UCxiPD8KbOqaQLbaSQw4IWpA\",\"https:\/\/twitter.com\/bitssolucionti\"],\"logo\":{\"@type\":\"ImageObject\",\"@id\":\"https:\/\/grupobits.co\/blog\/#logo\",\"inLanguage\":\"es\",\"url\":\"https:\/\/grupobits.co\/blog\/wp-content\/uploads\/2020\/04\/Logo-Bits-fondo-negro-transparente.png\",\"contentUrl\":\"https:\/\/grupobits.co\/blog\/wp-content\/uploads\/2020\/04\/Logo-Bits-fondo-negro-transparente.png\",\"width\":1745,\"height\":372,\"caption\":\"Bits\"},\"image\":{\"@id\":\"https:\/\/grupobits.co\/blog\/#logo\"}},{\"@type\":\"WebSite\",\"@id\":\"https:\/\/grupobits.co\/blog\/#website\",\"url\":\"https:\/\/grupobits.co\/blog\/\",\"name\":\"Blog - Bits\",\"description\":\"Todo acerca de Linux, servidores y configuraciones en la nube\",\"publisher\":{\"@id\":\"https:\/\/grupobits.co\/blog\/#organization\"},\"potentialAction\":[{\"@type\":\"SearchAction\",\"target\":\"https:\/\/grupobits.co\/blog\/?s={search_term_string}\",\"query-input\":\"required name=search_term_string\"}],\"inLanguage\":\"es\"},{\"@type\":\"WebPage\",\"@id\":\"https:\/\/grupobits.co\/blog\/aviso-legal\/#webpage\",\"url\":\"https:\/\/grupobits.co\/blog\/aviso-legal\/\",\"name\":\"Aviso Legal | Blog - Bits\",\"isPartOf\":{\"@id\":\"https:\/\/grupobits.co\/blog\/#website\"},\"datePublished\":\"2020-07-17T18:42:36+00:00\",\"dateModified\":\"2020-07-17T21:11:52+00:00\",\"description\":\"Identificaci\\u00f3n y Titularidad A continuaci\\u00f3n, se exponen los datos identificativos del titular. Titular:&nbsp;Diego Herrera.NIF:&nbsp;900.373.664-5Bits \\u2013\",\"breadcrumb\":{\"@id\":\"https:\/\/grupobits.co\/blog\/aviso-legal\/#breadcrumb\"},\"inLanguage\":\"es\",\"potentialAction\":[{\"@type\":\"ReadAction\",\"target\":[\"https:\/\/grupobits.co\/blog\/aviso-legal\/\"]}]},{\"@type\":\"BreadcrumbList\",\"@id\":\"https:\/\/grupobits.co\/blog\/aviso-legal\/#breadcrumb\",\"itemListElement\":[{\"@type\":\"ListItem\",\"position\":1,\"item\":{\"@type\":\"WebPage\",\"@id\":\"https:\/\/grupobits.co\/blog\/\",\"url\":\"https:\/\/grupobits.co\/blog\/\",\"name\":\"Portada\"}},{\"@type\":\"ListItem\",\"position\":2,\"item\":{\"@type\":\"WebPage\",\"@id\":\"https:\/\/grupobits.co\/blog\/aviso-legal\/\",\"url\":\"https:\/\/grupobits.co\/blog\/aviso-legal\/\",\"name\":\"Aviso Legal\"}}]}]}<\/script>\n<!-- \/ Yoast SEO plugin. -->","_links":{"self":[{"href":"https:\/\/grupobits.co\/blog\/wp-json\/wp\/v2\/pages\/758"}],"collection":[{"href":"https:\/\/grupobits.co\/blog\/wp-json\/wp\/v2\/pages"}],"about":[{"href":"https:\/\/grupobits.co\/blog\/wp-json\/wp\/v2\/types\/page"}],"author":[{"embeddable":true,"href":"https:\/\/grupobits.co\/blog\/wp-json\/wp\/v2\/users\/1"}],"replies":[{"embeddable":true,"href":"https:\/\/grupobits.co\/blog\/wp-json\/wp\/v2\/comments?post=758"}],"version-history":[{"count":2,"href":"https:\/\/grupobits.co\/blog\/wp-json\/wp\/v2\/pages\/758\/revisions"}],"predecessor-version":[{"id":762,"href":"https:\/\/grupobits.co\/blog\/wp-json\/wp\/v2\/pages\/758\/revisions\/762"}],"wp:attachment":[{"href":"https:\/\/grupobits.co\/blog\/wp-json\/wp\/v2\/media?parent=758"}],"curies":[{"name":"wp","href":"https:\/\/api.w.org\/{rel}","templated":true}]}}