{"id":740,"date":"2020-07-15T13:17:31","date_gmt":"2020-07-15T18:17:31","guid":{"rendered":"https:\/\/www.grupobits.co\/blog\/politica-de-cookie-ue\/"},"modified":"2020-07-17T16:13:01","modified_gmt":"2020-07-17T21:13:01","slug":"politica-de-cookies","status":"publish","type":"page","link":"https:\/\/grupobits.co\/blog\/politica-de-cookies\/","title":{"rendered":"Pol\u00edtica de cookies"},"content":{"rendered":"\n<p class=\"has-text-align-right\"><em>Esta declaraci\u00f3n de cookies fue actualizada por \u00faltima vez en 15 julio 2020.<\/em><\/p>\n\n\n\n<h3>1. Introducci\u00f3n<\/h3>\n\n\n\n<p class=\"has-text-align-justify\">Nuestro sitio web,&nbsp;<a href=\"https:\/\/grupobits.bits.com.co\/blog\/&nbsp;\" class=\"ek-link\">https:\/\/grupobits.bits.com.co\/blog\/&nbsp;<\/a>(en adelante: &#8220;el sitio web&#8221;) utiliza cookies y otras tecnolog\u00edas relacionadas (para mayor comodidad, todas las tecnolog\u00edas se denominan &#8220;cookies&#8221;). Las cookies tambi\u00e9n son colocadas por terceros que hemos contratado. En el siguiente documento le informamos sobre el uso de cookies en nuestro sitio web.<\/p>\n\n\n\n<h3>2. \u00bfQu\u00e9 son las cookies?<\/h3>\n\n\n\n<p class=\"has-text-align-justify\">Una cookie es un peque\u00f1o archivo simple que se env\u00eda junto con las p\u00e1ginas de este sitio web y que su navegador almacena en el disco duro de su ordenador o de otro dispositivo. La informaci\u00f3n almacenada puede ser devuelta a nuestros servidores o a los servidores de los terceros relevantes durante una visita posterior.<\/p>\n\n\n\n<h3>3. \u00bfQu\u00e9 son los scripts?<\/h3>\n\n\n\n<p class=\"has-text-align-justify\">Un script es un fragmento de c\u00f3digo de programa que se utiliza para hacer que nuestro sitio web funcione correctamente y de forma interactiva. Este c\u00f3digo se ejecuta en nuestro servidor o en su dispositivo.<\/p>\n\n\n\n<h3>4. \u00bfQu\u00e9 es una baliza web?<\/h3>\n\n\n\n<p class=\"has-text-align-justify\">Una baliza web (o una etiqueta de p\u00edxel) es una peque\u00f1a e invisible pieza de texto o imagen en un sitio web que se utiliza para monitorear el tr\u00e1fico en un sitio web. Para ello, se almacenan varios datos sobre usted mediante web beacons.<\/p>\n\n\n\n<h3>5. Consentimiento<\/h3>\n\n\n\n<p class=\"has-text-align-justify\">Cuando visite nuestro sitio web por primera vez, le mostraremos una ventana emergente con una explicaci\u00f3n sobre las cookies. Tan pronto como haga clic en &#8220;Aceptar&#8221;, nos autoriza a utilizar las categor\u00edas de cookies y plugins que seleccion\u00f3 en la ventana emergente, tal y como se describe en esta declaraci\u00f3n de cookies. Usted puede desactivar el uso de cookies a trav\u00e9s de su navegador, pero tenga en cuenta que es posible que nuestro sitio web ya no funcione correctamente.<\/p>\n\n\n\n<h3>6. Cookies<\/h3>\n\n\n\n<p><strong>6.1 Cookies t\u00e9cnicas o funcionales<\/strong><\/p>\n\n\n\n<p class=\"has-text-align-justify\">Algunas cookies aseguran que ciertas partes del sitio web funcionen correctamente y que sus preferencias de usuario sigan siendo conocidas. Al colocar cookies funcionales, le facilitamos la visita a nuestro sitio web. De esta manera, usted no necesita introducir repetidamente la misma informaci\u00f3n cuando visita nuestro sitio web y, por ejemplo, los art\u00edculos permanecen en su cesta de la compra hasta que usted haya pagado. Podemos colocar estas cookies sin su consentimiento.<\/p>\n\n\n\n<p><strong>6.2 Cookies anal\u00edticas<\/strong><\/p>\n\n\n\n<p class=\"has-text-align-justify\">Usamos cookies anal\u00edticas para optimizar la experiencia en el sitio web para nuestros usuarios. Con estas cookies anal\u00edticas obtenemos conocimientos del uso de nuestro sitio web.&nbsp;Te pedimos tu permiso para insertar cookies anal\u00edticas.<\/p>\n\n\n\n<p><strong>6.3 Botones de medios sociales<\/strong><\/p>\n\n\n\n<p class=\"has-text-align-justify\">En nuestro sitio web hemos incluidos botones para Facebook, Twitter y LinkedIn publicitar paginas (p.e. &#8220;like, &#8220;pin&#8221;) o compartirlas (p.e. &#8220;tweet&#8221;) en redes sociales como Facebook, Twitter y LinkedIn. Estos botones funcionan usando c\u00f3digo de Facebook, Twitter y LinkedIn ellos mismos. Este c\u00f3digo incrusta cookies. Estos botones de redes sociales pueden almacenar y procesar cierta informaci\u00f3n, as\u00ed que se te puede ser mostrado un anuncio personalizado.<\/p>\n\n\n\n<p class=\"has-text-align-justify\">Por favor lee la pol\u00edtica de privacidad de estas redes sociales (que puede cambiar frecuentemente) para saber que hacen con tus datos (personales) que procesan usando estas cookies. Los datos que reciben son anonimizados el m\u00e1ximo posible. Facebook, Twitter y LinkedIn est\u00e1n ubicados en los Estados Unidos<\/p>\n\n\n\n<h3>7. Cookies usadas<\/h3>\n\n\n\n<h4>Necesarias (3)<\/h4>\n\n\n\n<p class=\"has-text-align-justify\">Las cookies necesarias ayudan a hacer una p\u00e1gina web utilizable activando funciones b\u00e1sicas como la navegaci\u00f3n en la p\u00e1gina y el acceso a \u00e1reas seguras de la p\u00e1gina web. La p\u00e1gina web no puede funcionar adecuadamente sin estas cookies.<\/p>\n\n\n\n<figure class=\"wp-block-table\"><table class=\"has-fixed-layout\"><thead><tr><th>Nombre de la cookie<\/th><th>Proveedor<\/th><th>Prop\u00f3sito<\/th><th>Tipo<\/th><th>Caducidad<\/th><\/tr><\/thead><tbody><tr><td>rc::a<\/td><td><a href=\"https:\/\/policies.google.com\/privacy\" target=\"_blank\" aria-label=\" (opens in a new tab)\" rel=\"noreferrer noopener\" class=\"ek-link\">Google<\/a><\/td><td>Esta cookie se utiliza para distinguir entre humanos y bots. Esto es beneficioso para la web con el objeto de elaborar informes v\u00e1lidos sobre el uso de su web.<\/td><td>HTML Local Storage<\/td><td>Persistent<\/td><\/tr><tr><td>rc::b<\/td><td><a href=\"https:\/\/policies.google.com\/privacy\" target=\"_blank\" aria-label=\" (opens in a new tab)\" rel=\"noreferrer noopener\" class=\"ek-link\">Google<\/a><\/td><td>Esta cookie se utiliza para distinguir entre humanos y bots.<\/td><td>HTML Local Storage<\/td><td>Session<\/td><\/tr><tr><td>rc::c<\/td><td><a href=\"https:\/\/policies.google.com\/privacy\" target=\"_blank\" aria-label=\" (opens in a new tab)\" rel=\"noreferrer noopener\" class=\"ek-link\">Google<\/a><\/td><td>Esta cookie se utiliza para distinguir entre humanos y bots<\/td><td>HTML Local Storage<\/td><td>Session<\/td><\/tr><\/tbody><\/table><\/figure>\n\n\n\n<h4>Estad\u00edsticas (4)<\/h4>\n\n\n\n<p class=\"has-text-align-justify\">Las cookies estad\u00edsticas ayudan a los propietarios de p\u00e1ginas web a comprender c\u00f3mo interact\u00faan los visitantes con las p\u00e1ginas web reuniendo y proporcionando informaci\u00f3n de forma an\u00f3nima.<\/p>\n\n\n\n<figure class=\"wp-block-table\"><table class=\"has-fixed-layout\"><thead><tr><th>Nombre de la cookie<\/th><th>Proveedor<\/th><th>Prop\u00f3sito<\/th><th>Tipo<\/th><th>Caducidad<\/th><\/tr><\/thead><tbody><tr><td>_ga<\/td><td>&nbsp;<a href=\"https:\/\/policies.google.com\/privacy\" target=\"_blank\" aria-label=\" (opens in a new tab)\" rel=\"noreferrer noopener\" class=\"ek-link\">Google<\/a><\/td><td>Registra una identificaci\u00f3n \u00fanica que se utiliza para generar datos estad\u00edsticos acerca de c\u00f3mo utiliza el visitante el sitio web.<\/td><td>&nbsp;HTTP Cookie<\/td><td>2 a\u00f1os<\/td><\/tr><tr><td>_gat<\/td><td>www.grupobits.co\/blog\/<\/td><td>Utilizado por Google Analytics para controlar la tasa de peticiones<\/td><td>HTTP Cookie<\/td><td>1 d\u00eda<\/td><\/tr><tr><td>_gid<\/td><td><a href=\"https:\/\/policies.google.com\/privacy\" target=\"_blank\" aria-label=\" (opens in a new tab)\" rel=\"noreferrer noopener\" class=\"ek-link\">Google<\/a><\/td><td>Registra una identificaci\u00f3n \u00fanica que se utiliza para generar datos estad\u00edsticos acerca de c\u00f3mo utiliza el visitante el sitio web.<\/td><td>HTTP Cookie<\/td><td>1 d\u00eda<\/td><\/tr><tr><td>collect<\/td><td><a href=\"https:\/\/policies.google.com\/privacy\" target=\"_blank\" aria-label=\" (opens in a new tab)\" rel=\"noreferrer noopener\" class=\"ek-link\">Google<\/a><\/td><td>Se utiliza para enviar datos a Google Analytics sobre el dispositivo del visitante y su comportamiento. Rastrea al visitante a trav\u00e9s de dispositivos y canales de marketing.<\/td><td>Pixel Tracker<\/td><td><br>Session<\/td><\/tr><\/tbody><\/table><\/figure>\n\n\n\n<h3>8. Sus derechos con respecto a los datos personales<\/h3>\n\n\n\n<p class=\"has-text-align-justify\">Usted tiene los siguientes derechos con respecto a sus datos personales:<\/p>\n\n\n\n<ul><li>Usted tiene derecho a saber por qu\u00e9 se necesitan sus datos personales, qu\u00e9 suceder\u00e1 con ellos y durante cu\u00e1nto tiempo se conservar\u00e1n.<\/li><li>Derecho de acceso: Usted tiene derecho a acceder a sus datos personales que conocemos.<\/li><li>Derecho de rectificaci\u00f3n: tiene derecho a completar, rectificar, borrar o bloquear sus datos personales cuando lo desee.<\/li><li>Si usted nos da su consentimiento para procesar sus datos, tiene derecho a revocar dicho consentimiento y a que se eliminen sus datos personales.<\/li><li>Derecho de cesi\u00f3n de sus datos: tiene derecho a solicitar todos sus datos personales al responsable del tratamiento y a transferirlos \u00edntegramente a otro responsable del tratamiento.<\/li><li>Derecho de oposici\u00f3n: usted puede oponerse al tratamiento de sus datos. Nosotros cumplimos con esto, a menos que existan motivos justificados para el procesamiento.<\/li><\/ul>\n\n\n\n<p class=\"has-text-align-justify\">Para ejercer estos derechos, p\u00f3ngase en contacto con nosotros. Por favor refi\u00e9rase a los detalles de contacto en la parte inferior de esta declaraci\u00f3n de cookies. Si tiene alguna queja sobre c\u00f3mo manejamos sus datos, nos gustar\u00eda saber de usted, pero tambi\u00e9n tiene derecho a presentar una queja a la autoridad supervisora (la Autoridad de Protecci\u00f3n de Datos).<\/p>\n\n\n\n<h3>9. Habilitaci\u00f3n\/deshabilitaci\u00f3n y eliminaci\u00f3n de cookies<\/h3>\n\n\n\n<p class=\"has-text-align-justify\">Puede utilizar su navegador de Internet para eliminar las cookies de forma autom\u00e1tica o manual. Usted tambi\u00e9n puede especificar que ciertas cookies no pueden ser colocadas. Otra opci\u00f3n es cambiar la configuraci\u00f3n de su navegador de Internet para que reciba un mensaje cada vez que se coloca una cookie. Para obtener m\u00e1s informaci\u00f3n sobre estas opciones, consulte las instrucciones de la secci\u00f3n Ayuda de su navegador.<\/p>\n\n\n\n<p class=\"has-text-align-justify\">Tenga en cuenta que nuestro sitio web puede no funcionar correctamente si todas las cookies est\u00e1n deshabilitadas. Si borra las cookies de su navegador, se volver\u00e1n a colocar despu\u00e9s de su consentimiento cuando vuelva a visitar nuestros sitios web.<\/p>\n\n\n\n<h3>10. Detalles de contacto<\/h3>\n\n\n\n<p class=\"has-text-align-justify\">Para preguntas y\/o comentarios sobre nuestra pol\u00edtica de cookies y esta declaraci\u00f3n, p\u00f3ngase en contacto con nosotros utilizando los siguientes datos de contacto:<\/p>\n\n\n\n<p>Diego Herrera<br>Carrera 27 #37-33 Of 720. Centro Empresarial Green Gold. Bucaramanga &#8211; Colombia<br><strong>Website:<\/strong>\u00a0<a href=\"https:\/\/grupobits.bits.com.co\/blog\/\" class=\"ek-link\">https:\/\/grupobits.bits.com.co\/blog\/<\/a><br><strong>Email:<\/strong>\u00a0asistencia@grupobits.co<br><strong>N\u00famero de tel\u00e9fono:<\/strong> +57 311-251-1111<\/p>\n","protected":false},"excerpt":{"rendered":"<p>Esta declaraci\u00f3n de cookies fue actualizada por \u00faltima vez en 15 julio 2020. 1. Introducci\u00f3n Nuestro sitio web,&nbsp;https:\/\/grupobits.bits.com.co\/blog\/&nbsp;(en adelante: &#8220;el sitio web&#8221;) utiliza cookies y otras tecnolog\u00edas relacionadas (para mayor comodidad, todas las tecnolog\u00edas se denominan &#8220;cookies&#8221;). Las cookies tambi\u00e9n son colocadas por terceros que hemos contratado. En el siguiente documento le informamos sobre el [&hellip;]<\/p>\n","protected":false},"author":1,"featured_media":0,"parent":0,"menu_order":0,"comment_status":"closed","ping_status":"closed","template":"template-full-width.php","meta":{"_editorskit_title_hidden":false,"_editorskit_reading_time":4},"yoast_head":"<!-- This site is optimized with the Yoast SEO plugin v16.1.1 - https:\/\/yoast.com\/wordpress\/plugins\/seo\/ -->\n<title>Pol\u00edtica de cookies | Blog - Bits<\/title>\n<meta name=\"description\" content=\"Esta declaraci\u00f3n de cookies fue actualizada por \u00faltima vez en 15 julio 2020. 1. Introducci\u00f3n Nuestro sitio\" \/>\n<link rel=\"canonical\" href=\"https:\/\/grupobits.co\/blog\/politica-de-cookies\/\" \/>\n<meta property=\"og:locale\" content=\"es_ES\" \/>\n<meta property=\"og:type\" content=\"article\" \/>\n<meta property=\"og:title\" content=\"Pol\u00edtica de cookies | Blog - Bits\" \/>\n<meta property=\"og:description\" content=\"Esta declaraci\u00f3n de cookies fue actualizada por \u00faltima vez en 15 julio 2020. 1. Introducci\u00f3n Nuestro sitio\" \/>\n<meta property=\"og:url\" content=\"https:\/\/grupobits.co\/blog\/politica-de-cookies\/\" \/>\n<meta property=\"og:site_name\" content=\"Blog - Bits\" \/>\n<meta property=\"article:publisher\" content=\"https:\/\/www.facebook.com\/BitsSolucionTI\" \/>\n<meta property=\"article:modified_time\" content=\"2020-07-17T21:13:01+00:00\" \/>\n<meta property=\"og:image\" content=\"https:\/\/grupobits.co\/blog\/wp-content\/uploads\/2020\/07\/blog_bits_facebook.jpg\" \/>\n\t<meta property=\"og:image:width\" content=\"1200\" \/>\n\t<meta property=\"og:image:height\" content=\"628\" \/>\n<meta name=\"twitter:card\" content=\"summary_large_image\" \/>\n<meta name=\"twitter:site\" content=\"@bitssolucionti\" \/>\n<meta name=\"twitter:label1\" content=\"Tiempo de lectura\">\n\t<meta name=\"twitter:data1\" content=\"6 minutos\">\n<script type=\"application\/ld+json\" class=\"yoast-schema-graph\">{\"@context\":\"https:\/\/schema.org\",\"@graph\":[{\"@type\":\"Organization\",\"@id\":\"https:\/\/grupobits.co\/blog\/#organization\",\"name\":\"Bits\",\"url\":\"https:\/\/grupobits.co\/blog\/\",\"sameAs\":[\"https:\/\/www.facebook.com\/BitsSolucionTI\",\"https:\/\/www.linkedin.com\/company\/grupobits\",\"https:\/\/www.youtube.com\/channel\/UCxiPD8KbOqaQLbaSQw4IWpA\",\"https:\/\/twitter.com\/bitssolucionti\"],\"logo\":{\"@type\":\"ImageObject\",\"@id\":\"https:\/\/grupobits.co\/blog\/#logo\",\"inLanguage\":\"es\",\"url\":\"https:\/\/grupobits.co\/blog\/wp-content\/uploads\/2020\/04\/Logo-Bits-fondo-negro-transparente.png\",\"contentUrl\":\"https:\/\/grupobits.co\/blog\/wp-content\/uploads\/2020\/04\/Logo-Bits-fondo-negro-transparente.png\",\"width\":1745,\"height\":372,\"caption\":\"Bits\"},\"image\":{\"@id\":\"https:\/\/grupobits.co\/blog\/#logo\"}},{\"@type\":\"WebSite\",\"@id\":\"https:\/\/grupobits.co\/blog\/#website\",\"url\":\"https:\/\/grupobits.co\/blog\/\",\"name\":\"Blog - Bits\",\"description\":\"Todo acerca de Linux, servidores y configuraciones en la nube\",\"publisher\":{\"@id\":\"https:\/\/grupobits.co\/blog\/#organization\"},\"potentialAction\":[{\"@type\":\"SearchAction\",\"target\":\"https:\/\/grupobits.co\/blog\/?s={search_term_string}\",\"query-input\":\"required name=search_term_string\"}],\"inLanguage\":\"es\"},{\"@type\":\"WebPage\",\"@id\":\"https:\/\/grupobits.co\/blog\/politica-de-cookies\/#webpage\",\"url\":\"https:\/\/grupobits.co\/blog\/politica-de-cookies\/\",\"name\":\"Pol\\u00edtica de cookies | Blog - Bits\",\"isPartOf\":{\"@id\":\"https:\/\/grupobits.co\/blog\/#website\"},\"datePublished\":\"2020-07-15T18:17:31+00:00\",\"dateModified\":\"2020-07-17T21:13:01+00:00\",\"description\":\"Esta declaraci\\u00f3n de cookies fue actualizada por \\u00faltima vez en 15 julio 2020. 1. Introducci\\u00f3n Nuestro sitio\",\"breadcrumb\":{\"@id\":\"https:\/\/grupobits.co\/blog\/politica-de-cookies\/#breadcrumb\"},\"inLanguage\":\"es\",\"potentialAction\":[{\"@type\":\"ReadAction\",\"target\":[\"https:\/\/grupobits.co\/blog\/politica-de-cookies\/\"]}]},{\"@type\":\"BreadcrumbList\",\"@id\":\"https:\/\/grupobits.co\/blog\/politica-de-cookies\/#breadcrumb\",\"itemListElement\":[{\"@type\":\"ListItem\",\"position\":1,\"item\":{\"@type\":\"WebPage\",\"@id\":\"https:\/\/grupobits.co\/blog\/\",\"url\":\"https:\/\/grupobits.co\/blog\/\",\"name\":\"Portada\"}},{\"@type\":\"ListItem\",\"position\":2,\"item\":{\"@type\":\"WebPage\",\"@id\":\"https:\/\/grupobits.co\/blog\/politica-de-cookies\/\",\"url\":\"https:\/\/grupobits.co\/blog\/politica-de-cookies\/\",\"name\":\"Pol\\u00edtica de cookies\"}}]}]}<\/script>\n<!-- \/ Yoast SEO plugin. -->","_links":{"self":[{"href":"https:\/\/grupobits.co\/blog\/wp-json\/wp\/v2\/pages\/740"}],"collection":[{"href":"https:\/\/grupobits.co\/blog\/wp-json\/wp\/v2\/pages"}],"about":[{"href":"https:\/\/grupobits.co\/blog\/wp-json\/wp\/v2\/types\/page"}],"author":[{"embeddable":true,"href":"https:\/\/grupobits.co\/blog\/wp-json\/wp\/v2\/users\/1"}],"replies":[{"embeddable":true,"href":"https:\/\/grupobits.co\/blog\/wp-json\/wp\/v2\/comments?post=740"}],"version-history":[{"count":11,"href":"https:\/\/grupobits.co\/blog\/wp-json\/wp\/v2\/pages\/740\/revisions"}],"predecessor-version":[{"id":763,"href":"https:\/\/grupobits.co\/blog\/wp-json\/wp\/v2\/pages\/740\/revisions\/763"}],"wp:attachment":[{"href":"https:\/\/grupobits.co\/blog\/wp-json\/wp\/v2\/media?parent=740"}],"curies":[{"name":"wp","href":"https:\/\/api.w.org\/{rel}","templated":true}]}}